{"id":1038,"date":"2022-09-21T08:12:48","date_gmt":"2022-09-21T08:12:48","guid":{"rendered":"https:\/\/www.survivaliste.net\/privacybeleid\/"},"modified":"2025-07-17T09:45:08","modified_gmt":"2025-07-17T09:45:08","slug":"privacybeleid","status":"publish","type":"page","link":"https:\/\/www.survivaliste.net\/nl\/privacybeleid\/","title":{"rendered":"Privacybeleid"},"content":{"rendered":"&#13;\n<h1 class=\"wp-block-heading\">Verklaring gegevensbescherming<\/h1>&#13;\n&#13;\n<h2 class=\"wp-block-heading\">1. Waarom verwerken wij uw persoonlijke gegevens?<\/h2>&#13;\n&#13;\n<h3 class=\"wp-block-heading\">1.1. Verspreiding en verzameling van informatie en verwerking van dossiers<\/h3>&#13;\n&#13;\n<h4 class=\"wp-block-heading\">1.1.1 Vragen beantwoorden via het contactformulier<\/h4>&#13;\n\r\n\r\nNous traitons ces donn\u00e9es \u00e0 caract\u00e8re personnel afin de garantir la s\u00e9curit\u00e9 (de l\u2019information) et le bon fonctionnement de notre organisation.\r\n\r\n&#13;\n<figure class=\"wp-block-table\">&#13;\n<table>&#13;\n<tbody>&#13;\n<tr>&#13;\n<td><strong>Welke persoonlijke gegevens?<\/strong><\/td>&#13;\n<td><strong>Hoe hebben we deze gegevens verkregen?<\/strong><\/td>&#13;\n<td><strong>Voor hoe lang?<\/strong><\/td>&#13;\n<td><strong>Met wie worden deze gegevens gedeeld?<\/strong><\/td>&#13;\n<\/tr>&#13;\n<tr>&#13;\n<td>Identificatiegegevens, contactgegevens en gegevens met betrekking tot de vraag, informatie of bestelling<\/td>&#13;\n<td>Rechtstreeks van de betrokken persoon (personen) OF onrechtstreeks van een of meer andere personen<\/td>&#13;\n<td>3 jaar na laatste contact<\/td>&#13;\n<td>Onderaannemers die voor onze ICT-infrastructuur zorgen als hun werk dat vereist<\/td>&#13;\n<\/tr>&#13;\n<\/tbody>&#13;\n<\/table>&#13;\n<\/figure>&#13;\n\r\n\r\nIndirectement d\u2019une ou de plusieurs autre(s) personne(s)\u00a0: dans certains cas, nous recevons une demande concernant quelqu\u2019un d\u2019autre et cela signifie que nous pouvons donc disposer de donn\u00e9es \u00e0 caract\u00e8re personnel d\u2019une ou de plusieurs autre(s) personne(s).\r\n\r\n&#13;\n<h4 class=\"wp-block-heading\">1.1.2. Een bestelling verwerken<\/h4>&#13;\n\r\n\r\nNous traitons ces donn\u00e9es \u00e0 caract\u00e8re personnel afin de garantir la s\u00e9curit\u00e9 (de l\u2019information) et le bon fonctionnement de notre organisation.\r\n\r\n&#13;\n<figure class=\"wp-block-table\">&#13;\n<table>&#13;\n<tbody>&#13;\n<tr>&#13;\n<td><strong>Welke persoonlijke gegevens?<\/strong><\/td>&#13;\n<td><strong>Hoe hebben we deze gegevens verkregen?<\/strong><\/td>&#13;\n<td><strong>Voor hoe lang?<\/strong><\/td>&#13;\n<td><strong>Met wie worden deze gegevens gedeeld?<\/strong><\/td>&#13;\n<\/tr>&#13;\n<tr>&#13;\n<td>Identificatiegegevens, contactgegevens en gegevens met betrekking tot de vraag, informatie of bestelling<\/td>&#13;\n<td>Rechtstreeks van de betrokken persoon (personen) OF onrechtstreeks van een of meer andere personen<\/td>&#13;\n<td>3 jaar na laatste contact<\/td>&#13;\n<td>Onderaannemers die voor onze ICT-infrastructuur zorgen als hun werk dat vereist<\/td>&#13;\n<\/tr>&#13;\n<\/tbody>&#13;\n<\/table>&#13;\n<\/figure>&#13;\n\r\n\r\nIndirectement d\u2019une ou de plusieurs autre(s) personne(s)\u00a0: dans certains cas, nous recevons une demande concernant quelqu\u2019un d\u2019autre et cela signifie que nous pouvons donc disposer de donn\u00e9es \u00e0 caract\u00e8re personnel d\u2019une ou de plusieurs autre(s) personne(s).\r\n\r\n&#13;\n<h4 class=\"wp-block-heading\">1.1.3. Uitoefening van de rechten van betrokkenen met betrekking tot de verwerking door the-internet-corporation.com<\/h4>&#13;\n\r\n\r\nNous traitons ces donn\u00e9es \u00e0 caract\u00e8re personnel car nous en avons besoin pour exercer nos t\u00e2ches qui sont d\u00e9finies l\u00e9galement\r\n\r\n&#13;\n<figure class=\"wp-block-table\">&#13;\n<table>&#13;\n<tbody>&#13;\n<tr>&#13;\n<td><strong>Welke persoonlijke gegevens?<\/strong><\/td>&#13;\n<td><strong>Hoe hebben we deze gegevens verkregen?<\/strong><\/td>&#13;\n<td><strong>Voor hoe lang?<\/strong><\/td>&#13;\n<td><strong>Met wie worden deze gegevens gedeeld?<\/strong><\/td>&#13;\n<\/tr>&#13;\n<tr>&#13;\n<td>Identificatiegegevens, contactgegevens en gegevens met betrekking tot de vraag, informatie of bestelling<\/td>&#13;\n<td>Rechtstreeks van de betrokken persoon<\/td>&#13;\n<td>1 jaar na sluiting van het dossier<\/td>&#13;\n<td>Onderaannemers die voor onze ICT-infrastructuur zorgen als hun werk dat vereist<\/td>&#13;\n<\/tr>&#13;\n<\/tbody>&#13;\n<\/table>&#13;\n<\/figure>&#13;\n&#13;\n<h2 class=\"wp-block-heading\">1.2. Organisatiemanagement<\/h2>&#13;\n&#13;\n<h4 class=\"wp-block-heading\">1.2.1. Website<\/h4>&#13;\n\r\n\r\nLorsque vous visitez notre site Internet, nous traitons certaines donn\u00e9es \u00e0 caract\u00e8re personnel telles que des adresses IP et des cookies afin de garantir le bon fonctionnement et la s\u00e9curit\u00e9 de notre site Internet.\r\n\r\n\r\n\r\nLe traitement des donn\u00e9es \u00e0 caract\u00e8re personnel obtenues de cette mani\u00e8re se fonde sur l\u2019int\u00e9r\u00eat l\u00e9gitime en ce qui concerne la s\u00e9curit\u00e9 et le bon fonctionnement de notre site Internet et sur votre consentement en ce qui concerne l\u2019analyse de l\u2019utilisation de notre site Internet. Sauf pour les cookies n\u00e9cessaires, nous demandons toujours votre consentement. Vous trouverez ci-dessous le relev\u00e9 des cookies utilis\u00e9s sur notre site Internet.\r\n\r\n&#13;\n&#13;\n<strong>Les cookies<\/strong>&#13;\n&#13;\n\r\n\r\nUn cookie est un petit fichier texte qui peut \u00eatre conserv\u00e9 sur votre ordinateur lorsque vous visitez des sites Internet. Des informations sont enregistr\u00e9es dans un fichier texte, comme par exemple votre choix de langue pour un site Internet. Lorsque vous visitez \u00e0 nouveau le site Internet ult\u00e9rieurement, ce cookie est renvoy\u00e9 au site en question. De cette mani\u00e8re, le site Internet reconna\u00eet votre navigateur et peut par exemple retenir votre choix de langue.\r\n\r\n\r\n\r\nLes cookies ont g\u00e9n\u00e9ralement aussi une date d\u2019expiration. Certains cookies sont par exemple automatiquement supprim\u00e9s lorsque vous fermez votre navigateur (ce que l\u2019on appelle les cookies de session),tandis que d\u2019autres restent plus longtemps sur votre ordinateur, parfois m\u00eame jusqu\u2019\u00e0 ce que vous les supprimiez manuellement (ce que l\u2019on appelle les cookies permanents).\r\n\r\n&#13;\n&#13;\n<strong>Pourquoi utilisons-nous des cookies\u00a0?<\/strong>&#13;\n&#13;\n\r\n\r\nthe-internet-corporation.com, gestionnaire de ce site Internet, utilise sur the-internet-corporation.com\u00a0trois types de cookies :\r\n\r\n\r\n<ul class=\"wp-block-list\">&#13;\n \t<li>essenti\u00eble cookies ;<\/li>&#13;\n &#13;\n \t<li>analytische cookies.<\/li>&#13;\n<\/ul>\r\n\r\n\r\nPour g\u00e9rer le contenu de son site Internet, the-internet-corporation.com place des cookies essentiels et fonctionnels. Ces cookies sont n\u00e9cessaires au bon fonctionnement du pr\u00e9sent site Internet. Il n\u2019est pas possible de refuser ces cookies si vous voulez visiter notre site Internet.\r\n\r\n\r\n\r\nthe-internet-corporation.com utilise par ailleurs \u00e9galement \u00ab\u00a0Google Analytics\u00a0\u00bb pour des finalit\u00e9s analytiques. Cet outil d\u2019analyse installe des cookies que nous utilisons pour quantifier les visites (le trafic) sur le site Internet. Cela nous permet notamment de savoir combien de fois une page d\u00e9termin\u00e9e a \u00e9t\u00e9 lue. Nous utilisons ces informations uniquement pour am\u00e9liorer le contenu de notre site Internet ou comme base pour une nouvelle campagne sur un certain sujet suscitant beaucoup d\u2019int\u00e9r\u00eat. L\u2019utilisation de ces cookies \u00e0 des fins d\u2019analyse est soumise \u00e0 votre consentement pr\u00e9alable. Ces cookies ne seront donc install\u00e9s sur votre appareil qu\u2019apr\u00e8s votre accord.\r\n\r\n&#13;\n&#13;\n<strong>Liste des cookies analytiques<\/strong>&#13;\n&#13;\n\r\n\r\nVous pouvez refuser les cookies ci-dessous si\u00a0vous d\u00e9sirez naviguer sur notre site Internet.\r\n\r\n&#13;\n<figure class=\"wp-block-table\">&#13;\n<table>&#13;\n<tbody>&#13;\n<tr>&#13;\n<td><strong>Naam<\/strong><\/td>&#13;\n<td><strong>Deadline<\/strong><\/td>&#13;\n<td><strong>Doel<\/strong><\/td>&#13;\n<\/tr>&#13;\n<tr>&#13;\n<td>ga = Google Universal Analytics<\/td>&#13;\n<td>2 jaar<\/td>&#13;\n<td>Onderscheid maken tussen unieke gebruikers door een willekeurig gegenereerd nummer als klantidentificatie toe te wijzen<\/td>&#13;\n<\/tr>&#13;\n<tr>&#13;\n<td>_gat = Google Universal Analytics<\/td>&#13;\n<td>1 minuut<\/td>&#13;\n<td>Het aantal aanvragen verminderen<\/td>&#13;\n<\/tr>&#13;\n<tr>&#13;\n<td>_gid = Google Universal Analytics<\/td>&#13;\n<td>24 uur<\/td>&#13;\n<td>Een unieke waarde voor elke bezochte pagina opslaan en bijwerken<\/td>&#13;\n<\/tr>&#13;\n<\/tbody>&#13;\n<\/table>&#13;\n<\/figure>&#13;\n&#13;\n&#13;\n<strong>Comment voir quels cookies sont install\u00e9s sur mon appareil et comment les supprimer ?<\/strong>&#13;\n&#13;\n\r\n\r\nSi vous voulez savoir quels cookies sont install\u00e9s sur votre appareil ou si vous souhaitez les supprimer, vous pouvez utiliser un param\u00e8tre de votre navigateur. Vous trouverez davantage d\u2019explications sur la mani\u00e8re de proc\u00e9der via les liens ci-dessous.\r\n\r\n&#13;\n<figure class=\"wp-block-table\">&#13;\n<table>&#13;\n<tbody>&#13;\n<tr>&#13;\n<td><strong>Firefox<\/strong><\/td>&#13;\n<td><strong>Chroom<\/strong><\/td>&#13;\n<td><strong>Safari<\/strong><\/td>&#13;\n<td><strong>Internet Explorer<\/strong><\/td>&#13;\n<\/tr>&#13;\n<tr>&#13;\n<td><a href=\"https:\/\/support.mozilla.org\/fr\/kb\/cookies-informations-sites-enregistrent\">Firefox<\/a><\/td>&#13;\n<td><a href=\"https:\/\/support.google.com\/chrome\/answer\/95647?hl=fr\">Chroom<\/a><\/td>&#13;\n<td><a href=\"https:\/\/support.apple.com\/fr-be\/guide\/safari\/sfri11471\/mac\">Safari<\/a><\/td>&#13;\n<td><a href=\"https:\/\/support.microsoft.com\/fr-fr\/topic\/supprimer-et-g%C3%A9rer-les-cookies-168dab11-0753-043d-7c16-ede5947fc64d\">Internet Explorer<\/a><\/td>&#13;\n<\/tr>&#13;\n<tr>&#13;\n<td>Firefox (mobiel)<\/td>&#13;\n<td><a href=\"https:\/\/support.google.com\/chrome\/answer\/95647?hl=fr&amp;co=GENIE.Platform%3DAndroid&amp;oco=1\">Chrome (mobiel)<\/a><\/td>&#13;\n<td><a href=\"https:\/\/support.apple.com\/fr-be\/HT201265\">Safari (mobiel)<\/a><\/td>&#13;\n<td><a href=\"https:\/\/support.microsoft.com\/fr-fr\/microsoft-edge\/supprimer-les-cookies-dans-microsoft-edge-63947406-40ac-c3b8-57b9-2a946a29ae09\">Microsoft Edge<\/a><\/td>&#13;\n<\/tr>&#13;\n<\/tbody>&#13;\n<\/table>&#13;\n<\/figure>&#13;\n&#13;\n&#13;\nVous utilisez un autre navigateur ? V\u00e9rifiez si la proc\u00e9dure pour votre navigateur est reprise sur le site Internet\u00a0<a href=\"http:\/\/www.allaboutcookies.org\/manage-cookies\">www.allaboutcookies.org\/manage-cookies<\/a>. Ce site est uniquement disponible en anglais.&#13;\n&#13;\n&#13;\n<h4 class=\"wp-block-heading\">1.2.2. Externe links<\/h4>&#13;\n\r\n\r\nLe site Internet de the-internet-corporation.com mentionne des liens externes pour documenter certaines informations. L\u2019activation de ces liens rel\u00e8ve de la responsabilit\u00e9 de l\u2019utilisateur. Nous conseillons cependant de consulter la d\u00e9claration de confidentialit\u00e9 ainsi que la politique en mati\u00e8re des cookies du site concern\u00e9.\r\n\r\n&#13;\n<h4 class=\"wp-block-heading\">1.2.3. Nieuwsbrief<\/h4>&#13;\n\r\n\r\nNous traitons ces donn\u00e9es \u00e0 caract\u00e8re personnel afin de garantir la s\u00e9curit\u00e9 (de l\u2019information) et le bon fonctionnement de notre organisation.\r\n\r\n&#13;\n<figure class=\"wp-block-table\">&#13;\n<table>&#13;\n<tbody>&#13;\n<tr>&#13;\n<td><strong>Welke persoonlijke gegevens?<\/strong><\/td>&#13;\n<td><strong>Hoe hebben we deze gegevens verkregen?<\/strong><\/td>&#13;\n<td><strong>Voor hoe lang?<\/strong><\/td>&#13;\n<td><strong>Met wie worden deze gegevens gedeeld?<\/strong><\/td>&#13;\n<\/tr>&#13;\n<tr>&#13;\n<td>Identificatie en contactgegevens<\/td>&#13;\n<td>Rechtstreeks van de betrokken persoon<\/td>&#13;\n<td>Totdat de toestemming wordt ingetrokken<\/td>&#13;\n<td>Onderaannemers die voor onze ICT-infrastructuur zorgen als hun werk dat vereist<\/td>&#13;\n<\/tr>&#13;\n<\/tbody>&#13;\n<\/table>&#13;\n<\/figure>&#13;\n\r\n\r\nPour autant que vous ayez marqu\u00e9 votre consentement explicite pr\u00e9alable, nous sommes autoris\u00e9s \u00e0 vous envoyer des newsletters par e-mail. Cependant, au cas o\u00f9 vous ne souhaiteriez plus recevoir nos newsletters, vous conservez \u00e0 tout moment la possibilit\u00e9 de vous d\u00e9sinscrire de celles-ci via l\u2019option de d\u00e9sabonnement qui y est reprise.\r\n\r\n&#13;\n<h2 class=\"wp-block-heading\">2. Uw rechten en hoe u deze kunt uitoefenen<\/h2>&#13;\n\r\n\r\nSi vous avez une plainte, une question ou un probl\u00e8me concernant la mani\u00e8re dont nous utilisons vos donn\u00e9es \u00e0 caract\u00e8re personnel, contactez-nous.\r\n\r\n\r\n\r\nthe-internet-corporation.com\r\n\r\n\r\n\r\nbenny@the-internet-corporation.com\r\n\r\n\r\n\r\nSi vous nous contactez afin d\u2019exercer vos droits, nous vous r\u00e9pondrons dans un d\u00e9lai d\u20191 mois. Exceptionnellement, ce d\u00e9lai peut \u00eatre allong\u00e9 (jusqu\u2019\u00e0 maximum 3 mois), mais nous vous en donnons alors la raison dans un d\u00e9lai d\u20191 mois. Le fait de pouvoir ou non exercer vos droits d\u00e9pend du traitement et de la base juridique.\r\n\r\n\r\n\r\nVeillez \u00e0 toujours formuler clairement quel droit vous souhaitez exercer et la mani\u00e8re dont vous souhaitez recevoir les informations (par ex. par e-mail, par la poste, verbalement, \u2026). Tenez compte du fait que dans certains cas, nous avons besoin d\u2019informations compl\u00e9mentaires. Nous voulons nous assurer que nous aidons la bonne personne.\r\n\r\n&#13;\n<h3 class=\"wp-block-heading\">2.1. Recht op toegang<\/h3>&#13;\n\r\n\r\nVous avez le droit de nous interroger sur les donn\u00e9es \u00e0 caract\u00e8re personnel dont nous disposons \u00e0 votre sujet. Nous pouvons vous en fournir une copie gratuitement, mais ce n\u2019est pas possible pour tous les documents. Nous entendons en effet aussi respecter les droits et libert\u00e9s d\u2019autrui.\r\n\r\n&#13;\n<h3 class=\"wp-block-heading\">2.2. Recht op correctie<\/h3>&#13;\n\r\n\r\nVous pensez que vos donn\u00e9es ne sont pas exactes ou actuelles ? Vous avez le droit de nous demander de les corriger.\r\n\r\n&#13;\n<h3 class=\"wp-block-heading\">2.3. Recht op bezwaar<\/h3>&#13;\n\r\n\r\nVous avez le droit de nous demander d\u2019arr\u00eater de traiter vos donn\u00e9es \u00e0 caract\u00e8re personnel.\r\n\r\n&#13;\n<h3 class=\"wp-block-heading\">2.4. Recht op beperking van de verwerking<\/h3>&#13;\n\r\n\r\nVous pouvez nous demander de limiter le traitement de vos donn\u00e9es \u00e0 caract\u00e8re personnel, par exemple lorsque nous v\u00e9rifions l\u2019exactitude de vos donn\u00e9es \u00e0 caract\u00e8re personnel.\r\n\r\n&#13;\n<h3 class=\"wp-block-heading\">2.5. Recht om vergeten of verwijderd te worden<\/h3>&#13;\n\r\n\r\nVous avez le droit de nous demander de supprimer vos donn\u00e9es \u00e0 caract\u00e8re personnel. Si nous sommes l\u00e9galement oblig\u00e9s de conserver certaines donn\u00e9es \u00e0 caract\u00e8re personnel, nous ne pouvons toutefois pas satisfaire \u00e0 cette demande.\r\n\r\n&#13;\n<h3 class=\"wp-block-heading\">2.6. Recht om uw toestemming in te trekken<\/h3>&#13;\n\r\n\r\nEn cas de traitements de donn\u00e9es \u00e0 caract\u00e8re personnel bas\u00e9s sur votre consentement, ce consentement peut \u00eatre retir\u00e9.\r\n\r\n&#13;\n<h3 class=\"wp-block-heading\">2.7. Recht om een klacht in te dienen bij de toezichthoudende autoriteit<\/h3>&#13;\n\r\n\r\nSi vous consid\u00e9rez qu\u2019un traitement de donn\u00e9es \u00e0 caract\u00e8re personnel vous concernant constitue une violation du r\u00e8glement europ\u00e9en sur la protection des donn\u00e9es personnelles, vous \u00eates en droit d\u2019introduire une r\u00e9clamation aupr\u00e8s d\u2019une autorit\u00e9 de contr\u00f4le.\r\n\r\n\r\n\r\nAutorit\u00e9 de protection des donn\u00e9es\r\n\r\n\r\n\r\nRue de la Presse, 35\r\n\r\n\r\n\r\n1000 Bruxelles\r\n\r\n&#13;\n<h2 class=\"wp-block-heading\">3. Toepassingsgebied van het vertrouwelijkheidshandvest<\/h2>&#13;\n\r\n\r\nSauf indication contraire, la pr\u00e9sente charte de confidentialit\u00e9 a vocation \u00e0 s\u2019appliquer \u00e0 l\u2019ensemble des site web, applications, outils, etc. de the-internet-corporation.com ainsi qu\u2019\u00e0 tous les services que nous offrons et pour lesquels il y est explicitement fait r\u00e9f\u00e9rence.\r\n\r\n\r\n\r\nNous attirons votre attention sur le fait que notre charte de confidentialit\u00e9 peut \u00eatre amen\u00e9e \u00e0 \u00e9voluer au cours du temps. Toute modification est alors directement applicable d\u00e8s sa publication. Pour cette raison, nous vous invitons \u00e0 la consulter r\u00e9guli\u00e8rement.\r\n\r\n\r\n\r\nExcept\u00e9 les cas o\u00f9 la loi l\u2019exige ou les cas dans lesquels la communication de vos donn\u00e9es est n\u00e9cessaire pour traiter votre demande ou poursuivre nos missions telles que d\u00e9crites au point 3 (communication \u00e0 des administrations publiques, communication \u00e0 nos sous-traitants, etc.), nous ne divulguons aucune de vos donn\u00e9es personnelles \u00e0 des tiers sans l\u2019obtention de votre consentement pr\u00e9alable. Par ailleurs, lorsque nous communiquons vos donn\u00e9es \u00e0 d\u2019autres entit\u00e9s, nous veillons toujours \u00e0 ne divulguer que les donn\u00e9es personnelles qui sont strictement n\u00e9cessaires \u00e0 la r\u00e9alisation de la finalit\u00e9 du traitement qui vous concerne.\r\n\r\n","protected":false},"excerpt":{"rendered":"<p>&#13; Verklaring gegevensbescherming &#13; &#13; 1. Waarom verwerken wij uw persoonlijke gegevens? &#13; &#13; 1.1. Verspreiding en verzameling van informatie en verwerking van dossiers &#13; &#13; 1.1.1 Vragen beantwoorden via het contactformulier &#13; Nous traitons ces donn\u00e9es \u00e0 caract\u00e8re personnel afin de garantir la s\u00e9curit\u00e9 (de l\u2019information) et le bon fonctionnement de notre organisation. &#13; [&hellip;]<\/p>\n","protected":false},"author":1,"featured_media":0,"parent":0,"menu_order":0,"comment_status":"closed","ping_status":"open","template":"","meta":{"_et_pb_use_builder":"","_et_pb_old_content":"","_et_gb_content_width":"","footnotes":""},"class_list":["post-1038","page","type-page","status-publish","hentry"],"yoast_head":"<!-- This site is optimized with the Yoast SEO plugin v27.3 - https:\/\/yoast.com\/product\/yoast-seo-wordpress\/ -->\n<title>Privacybeleid - Survivaliste.net<\/title>\n<meta name=\"robots\" content=\"index, follow, max-snippet:-1, max-image-preview:large, max-video-preview:-1\" \/>\n<link rel=\"canonical\" href=\"https:\/\/www.survivaliste.net\/nl\/privacybeleid\/\" \/>\n<meta property=\"og:locale\" content=\"nl_NL\" \/>\n<meta property=\"og:type\" content=\"article\" \/>\n<meta property=\"og:title\" content=\"Privacybeleid - Survivaliste.net\" \/>\n<meta property=\"og:description\" content=\"&#013; Verklaring gegevensbescherming &#013; &#013; 1. Waarom verwerken wij uw persoonlijke gegevens? &#013; &#013; 1.1. Verspreiding en verzameling van informatie en verwerking van dossiers &#013; &#013; 1.1.1 Vragen beantwoorden via het contactformulier &#013; Nous traitons ces donn\u00e9es \u00e0 caract\u00e8re personnel afin de garantir la s\u00e9curit\u00e9 (de l\u2019information) et le bon fonctionnement de notre organisation. &#013; [&hellip;]\" \/>\n<meta property=\"og:url\" content=\"https:\/\/www.survivaliste.net\/nl\/privacybeleid\/\" \/>\n<meta property=\"og:site_name\" content=\"Survivaliste.net\" \/>\n<meta property=\"article:modified_time\" content=\"2025-07-17T09:45:08+00:00\" \/>\n<meta name=\"twitter:card\" content=\"summary_large_image\" \/>\n<meta name=\"twitter:label1\" content=\"Geschatte leestijd\" \/>\n\t<meta name=\"twitter:data1\" content=\"9 minuten\" \/>\n<script type=\"application\/ld+json\" class=\"yoast-schema-graph\">{\"@context\":\"https:\\\/\\\/schema.org\",\"@graph\":[{\"@type\":\"WebPage\",\"@id\":\"https:\\\/\\\/www.survivaliste.net\\\/nl\\\/privacybeleid\\\/\",\"url\":\"https:\\\/\\\/www.survivaliste.net\\\/nl\\\/privacybeleid\\\/\",\"name\":\"Privacybeleid - Survivaliste.net\",\"isPartOf\":{\"@id\":\"https:\\\/\\\/www.survivaliste.net\\\/nl\\\/#website\"},\"datePublished\":\"2022-09-21T08:12:48+00:00\",\"dateModified\":\"2025-07-17T09:45:08+00:00\",\"breadcrumb\":{\"@id\":\"https:\\\/\\\/www.survivaliste.net\\\/nl\\\/privacybeleid\\\/#breadcrumb\"},\"inLanguage\":\"nl-NL\",\"potentialAction\":[{\"@type\":\"ReadAction\",\"target\":[\"https:\\\/\\\/www.survivaliste.net\\\/nl\\\/privacybeleid\\\/\"]}]},{\"@type\":\"BreadcrumbList\",\"@id\":\"https:\\\/\\\/www.survivaliste.net\\\/nl\\\/privacybeleid\\\/#breadcrumb\",\"itemListElement\":[{\"@type\":\"ListItem\",\"position\":1,\"name\":\"Accueil\",\"item\":\"https:\\\/\\\/www.survivaliste.net\\\/nl\\\/home\\\/\"},{\"@type\":\"ListItem\",\"position\":2,\"name\":\"Privacybeleid\"}]},{\"@type\":\"WebSite\",\"@id\":\"https:\\\/\\\/www.survivaliste.net\\\/nl\\\/#website\",\"url\":\"https:\\\/\\\/www.survivaliste.net\\\/nl\\\/\",\"name\":\"Survivaliste.net\",\"description\":\"Le blog conseil survivaliste\",\"publisher\":{\"@id\":\"https:\\\/\\\/www.survivaliste.net\\\/nl\\\/#organization\"},\"potentialAction\":[{\"@type\":\"SearchAction\",\"target\":{\"@type\":\"EntryPoint\",\"urlTemplate\":\"https:\\\/\\\/www.survivaliste.net\\\/nl\\\/?s={search_term_string}\"},\"query-input\":{\"@type\":\"PropertyValueSpecification\",\"valueRequired\":true,\"valueName\":\"search_term_string\"}}],\"inLanguage\":\"nl-NL\"},{\"@type\":\"Organization\",\"@id\":\"https:\\\/\\\/www.survivaliste.net\\\/nl\\\/#organization\",\"name\":\"Survivaliste.net\",\"url\":\"https:\\\/\\\/www.survivaliste.net\\\/nl\\\/\",\"logo\":{\"@type\":\"ImageObject\",\"inLanguage\":\"nl-NL\",\"@id\":\"https:\\\/\\\/www.survivaliste.net\\\/nl\\\/#\\\/schema\\\/logo\\\/image\\\/\",\"url\":\"https:\\\/\\\/www.survivaliste.net\\\/wp-content\\\/uploads\\\/2022\\\/09\\\/spices.webp\",\"contentUrl\":\"https:\\\/\\\/www.survivaliste.net\\\/wp-content\\\/uploads\\\/2022\\\/09\\\/spices.webp\",\"width\":1600,\"height\":1067,\"caption\":\"Survivaliste.net\"},\"image\":{\"@id\":\"https:\\\/\\\/www.survivaliste.net\\\/nl\\\/#\\\/schema\\\/logo\\\/image\\\/\"}}]}<\/script>\n<!-- \/ Yoast SEO plugin. -->","yoast_head_json":{"title":"Privacybeleid - Survivaliste.net","robots":{"index":"index","follow":"follow","max-snippet":"max-snippet:-1","max-image-preview":"max-image-preview:large","max-video-preview":"max-video-preview:-1"},"canonical":"https:\/\/www.survivaliste.net\/nl\/privacybeleid\/","og_locale":"nl_NL","og_type":"article","og_title":"Privacybeleid - Survivaliste.net","og_description":"&#13; Verklaring gegevensbescherming &#13; &#13; 1. Waarom verwerken wij uw persoonlijke gegevens? &#13; &#13; 1.1. Verspreiding en verzameling van informatie en verwerking van dossiers &#13; &#13; 1.1.1 Vragen beantwoorden via het contactformulier &#13; Nous traitons ces donn\u00e9es \u00e0 caract\u00e8re personnel afin de garantir la s\u00e9curit\u00e9 (de l\u2019information) et le bon fonctionnement de notre organisation. &#13; [&hellip;]","og_url":"https:\/\/www.survivaliste.net\/nl\/privacybeleid\/","og_site_name":"Survivaliste.net","article_modified_time":"2025-07-17T09:45:08+00:00","twitter_card":"summary_large_image","twitter_misc":{"Geschatte leestijd":"9 minuten"},"schema":{"@context":"https:\/\/schema.org","@graph":[{"@type":"WebPage","@id":"https:\/\/www.survivaliste.net\/nl\/privacybeleid\/","url":"https:\/\/www.survivaliste.net\/nl\/privacybeleid\/","name":"Privacybeleid - Survivaliste.net","isPartOf":{"@id":"https:\/\/www.survivaliste.net\/nl\/#website"},"datePublished":"2022-09-21T08:12:48+00:00","dateModified":"2025-07-17T09:45:08+00:00","breadcrumb":{"@id":"https:\/\/www.survivaliste.net\/nl\/privacybeleid\/#breadcrumb"},"inLanguage":"nl-NL","potentialAction":[{"@type":"ReadAction","target":["https:\/\/www.survivaliste.net\/nl\/privacybeleid\/"]}]},{"@type":"BreadcrumbList","@id":"https:\/\/www.survivaliste.net\/nl\/privacybeleid\/#breadcrumb","itemListElement":[{"@type":"ListItem","position":1,"name":"Accueil","item":"https:\/\/www.survivaliste.net\/nl\/home\/"},{"@type":"ListItem","position":2,"name":"Privacybeleid"}]},{"@type":"WebSite","@id":"https:\/\/www.survivaliste.net\/nl\/#website","url":"https:\/\/www.survivaliste.net\/nl\/","name":"Survivaliste.net","description":"Le blog conseil survivaliste","publisher":{"@id":"https:\/\/www.survivaliste.net\/nl\/#organization"},"potentialAction":[{"@type":"SearchAction","target":{"@type":"EntryPoint","urlTemplate":"https:\/\/www.survivaliste.net\/nl\/?s={search_term_string}"},"query-input":{"@type":"PropertyValueSpecification","valueRequired":true,"valueName":"search_term_string"}}],"inLanguage":"nl-NL"},{"@type":"Organization","@id":"https:\/\/www.survivaliste.net\/nl\/#organization","name":"Survivaliste.net","url":"https:\/\/www.survivaliste.net\/nl\/","logo":{"@type":"ImageObject","inLanguage":"nl-NL","@id":"https:\/\/www.survivaliste.net\/nl\/#\/schema\/logo\/image\/","url":"https:\/\/www.survivaliste.net\/wp-content\/uploads\/2022\/09\/spices.webp","contentUrl":"https:\/\/www.survivaliste.net\/wp-content\/uploads\/2022\/09\/spices.webp","width":1600,"height":1067,"caption":"Survivaliste.net"},"image":{"@id":"https:\/\/www.survivaliste.net\/nl\/#\/schema\/logo\/image\/"}}]}},"jetpack_sharing_enabled":true,"_links":{"self":[{"href":"https:\/\/www.survivaliste.net\/nl\/wp-json\/wp\/v2\/pages\/1038","targetHints":{"allow":["GET"]}}],"collection":[{"href":"https:\/\/www.survivaliste.net\/nl\/wp-json\/wp\/v2\/pages"}],"about":[{"href":"https:\/\/www.survivaliste.net\/nl\/wp-json\/wp\/v2\/types\/page"}],"author":[{"embeddable":true,"href":"https:\/\/www.survivaliste.net\/nl\/wp-json\/wp\/v2\/users\/1"}],"replies":[{"embeddable":true,"href":"https:\/\/www.survivaliste.net\/nl\/wp-json\/wp\/v2\/comments?post=1038"}],"version-history":[{"count":1,"href":"https:\/\/www.survivaliste.net\/nl\/wp-json\/wp\/v2\/pages\/1038\/revisions"}],"predecessor-version":[{"id":1039,"href":"https:\/\/www.survivaliste.net\/nl\/wp-json\/wp\/v2\/pages\/1038\/revisions\/1039"}],"wp:attachment":[{"href":"https:\/\/www.survivaliste.net\/nl\/wp-json\/wp\/v2\/media?parent=1038"}],"curies":[{"name":"wp","href":"https:\/\/api.w.org\/{rel}","templated":true}]}}